{"id":2076,"date":"2021-05-25T13:17:06","date_gmt":"2021-05-25T11:17:06","guid":{"rendered":"http:\/\/bmone.cz\/?page_id=2076"},"modified":"2025-02-26T10:22:04","modified_gmt":"2025-02-26T09:22:04","slug":"placeny-obsah-mdkk","status":"publish","type":"page","link":"https:\/\/demo.bmone.cz\/index.php\/placeny-obsah-mdkk\/","title":{"rendered":"Podm\u00ednky slu\u017eby placen\u00e9ho obsahu Mujdumkrokzakrokem.cz"},"content":{"rendered":"<p>[et_pb_section fb_built=&#8220;1&#8243; fullwidth=&#8220;on&#8220; admin_label=&#8220;Sekce&#8220;][et_pb_fullwidth_menu menu_id=&#8220;2&#8243; background_layout=&#8220;dark&#8220; text_orientation=&#8220;right&#8220; submenu_direction=&#8220;downwards&#8220; fullwidth_menu=&#8220;off&#8220; dropdown_menu_bg_color=&#8220;rgba(86,86,86,0)&#8220; admin_label=&#8220;Tu\u010dn\u00e9 menu&#8220; module_id=&#8220;primaryMenu&#8220;][\/et_pb_fullwidth_menu][\/et_pb_section][et_pb_section fb_built=&#8220;1&#8243; admin_label=&#8220;section&#8220; module_id=&#8220;contMain&#8220;][et_pb_row admin_label=&#8220;\u0158\u00e1dek&#8220; module_id=&#8220;innerMain&#8220;][et_pb_column type=&#8220;1_2&#8243; parallax=&#8220;off&#8220; parallax_method=&#8220;on&#8220;][et_pb_text admin_label=&#8220;Text&#8220; module_id=&#8220;textMain&#8220;]<\/p>\n<h1><strong><span style=\"font-size: 80%;\">Nechte se inspirovat<\/span><\/strong><\/h1>\n<p>Jsme volba \u010d. 1 pro lidi, kte\u0159\u00ed to<br \/>\nse sv\u00fdm domem mysl\u00ed v\u00e1\u017en\u011b.<\/p>\n<p>[\/et_pb_text][et_pb_image src=&#8220;https:\/\/demo.bmone.cz\/wp-content\/uploads\/2018\/12\/logoBMO.png&#8220; url=&#8220;https:\/\/demo.bmone.cz&#8220; disabled_on=&#8220;off|off|on&#8220; admin_label=&#8220;Obr\u00e1zek&#8220; module_id=&#8220;logoMobil&#8220;][\/et_pb_image][et_pb_text admin_label=&#8220;Text&#8220;]<\/p>\n<div class=\"btnOnas\">O N\u00c1S<\/div>\n<p>[\/et_pb_text][\/et_pb_column][et_pb_column type=&#8220;1_2&#8243; parallax=&#8220;off&#8220; parallax_method=&#8220;on&#8220;][et_pb_text admin_label=&#8220;Text&#8220; module_id=&#8220;airplane&#8220;]<\/p>\n<p><img decoding=\"async\" src=\"https:\/\/demo.bmone.cz\/wp-content\/uploads\/2018\/12\/airplane-over.png\" alt=\"airplane\" \/><\/p>\n<p>[\/et_pb_text][\/et_pb_column][\/et_pb_row][et_pb_row admin_label=&#8220;row&#8220; module_id=&#8220;aktuality&#8220; module_class=&#8220;nadpiSekce&#8220;][et_pb_column type=&#8220;4_4&#8243; parallax=&#8220;off&#8220; parallax_method=&#8220;on&#8220;][et_pb_text admin_label=&#8220;Nadpis&#8220; module_id=&#8220;aktualityText&#8220; module_class=&#8220;nadpisSekce&#8220;]<\/p>\n<p style=\"text-align: right; font-size: 220%;\"><span style=\"color: #df1256;\">Podm\u00ednky slu\u017eby placen\u00e9ho obsahu<br \/>\nMujdumkrokzakrokem.cz<\/span><\/p>\n<p>[\/et_pb_text][\/et_pb_column][\/et_pb_row][\/et_pb_section][et_pb_section fb_built=&#8220;1&#8243; transparent_background=&#8220;on&#8220; admin_label=&#8220;Sekce&#8220; module_id=&#8220;aktuality&#8220;][et_pb_row parallax_method_1=&#8220;off&#8220; admin_label=&#8220;\u0158\u00e1dek&#8220; module_id=&#8220;aktuality&#8220;][et_pb_column type=&#8220;4_4&#8243; parallax=&#8220;off&#8220; parallax_method=&#8220;off&#8220;][et_pb_text admin_label=&#8220;Text podm\u00ednky&#8220; module_id=&#8220;podminky&#8220; text_font_size=&#8220;11&#8243;]<\/p>\n<p><span style=\"font-size: 14pt; color: #000000;\"><strong>Podm&iacute;nky slu\u017eby placen&eacute;ho obsahu Mujdumkrokzakrokem.cz<\/strong><\/span><\/p>\n<p><strong><span style=\"font-size: 12pt; color: #000000;\">1. OBSAH A PARAMETRY SLU\u017dBY<\/span><\/strong><\/p>\n<p><span style=\"font-size: 11pt; color: #000000;\">1.1. Slu\u017eba placen&eacute;ho obsahu M\u016eJD\u016eMKROKZAKROKEM.CZ (d&aacute;le jen &bdquo;Slu\u017eba&ldquo;) obsahuje:<\/span><\/p>\n<p> <span style=\"font-size: 11pt; color: #000000;\">P\u0159&iacute;stup do placen&eacute; z&oacute;ny na str&aacute;nce www.mujdumkrokzakrokem.cz<\/span><\/p>\n<p> <span style=\"font-size: 11pt; color: #000000;\">Placen&aacute; z&oacute;na obsahuje:<\/span><\/p>\n<p> <span style=\"font-size: 11pt; color: #000000;\">a1) obsah, p\u0159&iacute;stupn&yacute; v&yacute;lu\u010dn\u011b pro u\u017eivatele placen&eacute; z&oacute;ny<\/span><\/p>\n<p> <span style=\"font-size: 11pt; color: #000000;\">a2) PDF archiv \u010dasopisu M\u016fj d\u016fm, Rodinn&yacute; d\u016fm od roku 2012 Rodinn&yacute; d\u016fm krok za krokem od roku 2020<\/span><\/p>\n<p> <span style=\"font-size: 11pt; color: #000000;\">a3) aktu&aacute;ln&iacute; ti&scaron;t\u011bn&eacute; vyd&aacute;n&iacute; \u010dasopisu M\u016fj d\u016fm a Rodinn&yacute; d\u016fm krok za krokem zaslan&eacute; na koresponden\u010dn&iacute; adresu u\u017eivatele podle harmonogramu poskytovatele. Poskytovatel si vyhrazuje pr&aacute;vo tento harmonogram kdykoliv upravit.<\/span><\/p>\n<p><span style=\"font-size: 11pt; color: #000000;\">1.2. Slu\u017ebu lze objednat na obdob&iacute;<\/span><\/p>\n<p> <span style=\"font-size: 11pt; color: #000000;\">30 dn\u016f (ozna\u010dov&aacute;no jako m\u011bs&iacute;\u010dn&iacute; p\u0159edplatn&eacute;)<\/span><\/p>\n<p><span style=\"font-size: 11pt; color: #000000;\">1.3. P\u0159&iacute;stup ke Slu\u017eb\u011b je geograficky omezen na &uacute;zem&iacute; \u010cesk&eacute; republiky a Slovenska z d\u016fvodu variabiln&iacute; v&yacute;&scaron;e po&scaron;tovn&iacute;ch poplatk\u016f spojen&yacute;ch se zasl&aacute;n&iacute;m ti&scaron;t\u011bn&eacute;ho \u010dasopisu (pokud m&aacute;te z&aacute;jem zas&iacute;lat \u010dasopisy do jin&eacute;ho regionu napi&scaron;te na mail: info@bmone.cz), t&iacute;m nen&iacute; dot\u010deno omezen&iacute; nebo vylou\u010den&iacute; p\u0159&iacute;stupu ke Slu\u017eb\u011b podle \u010dl. 3 t\u011bchto podm&iacute;nek. U\u017eivatel Slu\u017eby (d&aacute;le jen &bdquo;U\u017eivatel&ldquo;) nen&iacute; opr&aacute;vn\u011bn p\u0159ev&eacute;st sv&eacute; pr&aacute;vo na p\u0159&iacute;stup ke Slu\u017eb\u011b na jinou osobu. U\u017eivatel nebude u\u017e&iacute;vat jak&eacute;koli prost\u0159edky pro zm\u011bnu parametr\u016f Slu\u017eby, kter&eacute; jsou stanoveny jej&iacute;m Poskytovatelem.<\/span><\/p>\n<p><strong><span style=\"font-size: 12pt; color: #000000;\">2. CENA A PLATEBN&Iacute; PODM&Iacute;NKY<\/span><\/strong><\/p>\n<p><span style=\"font-size: 11pt; color: #000000;\">2.1. Ceny Slu\u017eby jsou uvedeny v rozhran&iacute; pro jej&iacute; objedn&aacute;vku.<\/span><\/p>\n<p><span style=\"font-size: 11pt; color: #000000;\">2.2. Slu\u017eba je poskytov&aacute;na na b&aacute;zi p\u0159edplatn&eacute;ho, tj. po uplynut&iacute; obdob&iacute;, na kter&eacute; je Slu\u017eba uhrazena, doch&aacute;z&iacute; k automatick&eacute;mu prodlou\u017een&iacute; Slu\u017eby v\u017edy o stejnou dobu, na kterou byla Slu\u017eba uhrazena, a to i opakovan\u011b. U\u017eivatel m&aacute; kdykoli mo\u017enost ve sv&eacute;m profilu na str&aacute;nce www.mujdumkrokzakrokem.cz prodlou\u017een&iacute; Slu\u017eby zak&aacute;zat. V takov&eacute;m p\u0159&iacute;pad\u011b je poskytov&aacute;n&iacute; Slu\u017eby ukon\u010deno uplynut&iacute;m aktu&aacute;ln&iacute;ho obdob&iacute;, na kter&eacute; je Slu\u017eby uhrazena.<\/span><\/p>\n<p><span style=\"font-size: 11pt; color: #000000;\">2.3. Platba za Slu\u017ebu je prov&aacute;d\u011bna opakovan\u011b, v\u017edy za obdob&iacute;, na kter&eacute; byla Slu\u017eba automaticky prodlou\u017eena. Platba je prov&aacute;d\u011bna automaticky prost\u0159ednictv&iacute;m platebn&iacute;ho syst&eacute;mu spole\u010dnosti GoPay s.r.o. Maxim&aacute;ln&iacute; v&yacute;&scaron;e jedn&eacute; platby odpov&iacute;d&aacute; aktu&aacute;ln&iacute; cen\u011b Slu\u017eby za obdob&iacute;, na kter&eacute; byla objedn&aacute;na nebo prodlou\u017eena. V&yacute;&scaron;e platby je fixn&iacute; s v&yacute;jimkou zm\u011bny ceny stanoven&eacute; Poskytovatelem a uve\u0159ejn\u011bn&eacute; na str&aacute;nce www.mujdumkrokzakrokem.cz.<\/span><\/p>\n<p><span style=\"font-size: 11pt; color: #000000;\">2.4. S v&yacute;jimkou prv&eacute; platby, kter&aacute; je placena p\u0159ed zah&aacute;jen&iacute;m poskytov&aacute;n&iacute; Slu\u017eby, jsou ostatn&iacute; platby prov&aacute;d\u011bny automaticky v\u017edy k 1. dni obdob&iacute;, o kter&eacute; bylo poskytov&aacute;n&iacute; Slu\u017eby prodlou\u017eeno. Souhlas s opakovan&yacute;mi platbami za Slu\u017ebu a jej&iacute; prodlou\u017een&iacute; vyjad\u0159uje u\u017eivatel odkliknut&iacute;m p\u0159i objedn&aacute;vce slu\u017eby. &Uacute;vodn&iacute; informace o platb\u011b spojen&eacute; s automatick&yacute;m prodlu\u017eov&aacute;n&iacute;m Slu\u017eby, jako\u017e i jak&eacute;koli informace t&yacute;kaj&iacute;c&iacute; se zm\u011bny t&eacute;to platby budou zas&iacute;l&aacute;ny u\u017eivatel\u016fm na e-mailovou adresu uvedenou p\u0159i objedn&aacute;n&iacute; Slu\u017eby.<\/span><\/p>\n<p><strong><span style=\"font-size: 12pt; color: #000000;\">3. OMEZEN&Iacute; ODPOV\u011aDNOSTI POSKYTOVATELE<\/span><\/strong><\/p>\n<p><span style=\"font-size: 11pt; color: #000000;\">3.1. Poskytovatel neodpov&iacute;d&aacute; za<\/span><\/p>\n<p> <span style=\"font-size: 11pt; color: #000000;\">a) jak&eacute;koli neposkytnut&iacute; Slu\u017eby \u010di jej&iacute; v&yacute;padek zp\u016fsoben&yacute; hardwarov&yacute;m nebo softwarov&yacute;m vybaven&iacute;m U\u017eivatele nebo jeho neexistuj&iacute;c&iacute;m nebo nedostate\u010dn&yacute;m p\u0159&iacute;stupem k internetu<\/span><\/p>\n<p> <span style=\"font-size: 11pt; color: #000000;\">b) jak&eacute;koli neposkytnut&iacute; Slu\u017eby \u010di jej&iacute; v&yacute;padek zp\u016fsoben&yacute; funkc&iacute; nebo poruchou ve\u0159ejn&eacute; s&iacute;t\u011b elektronick&yacute;ch komunikac&iacute; nebo jin&eacute; obdobn&eacute; s&iacute;t\u011b umo\u017e\u0148uj&iacute;c&iacute; p\u0159ipojen&iacute; na internet<\/span><\/p>\n<p> <span style=\"font-size: 11pt; color: #000000;\">c) jak&eacute;koli neposkytnut&iacute; Slu\u017eby z d\u016fvodu neopr&aacute;vn\u011bn&eacute;ho p\u0159&iacute;stupu jin&eacute; osoby ke Slu\u017eb\u011b v d\u016fsledku vyu\u017eit&iacute; identifika\u010dn&iacute;ch nebo jin&yacute;ch &uacute;daj\u016f U\u017eivatele<\/span><\/p>\n<p> <span style=\"font-size: 11pt; color: #000000;\">d) jakoukoli &scaron;kodu na stran\u011b U\u017eivatele nebo jin&eacute; osoby\/osob vznikl&eacute; v d\u016fsledku neposkytnut&iacute; nebo ne&uacute;pln&eacute;ho poskytnut&iacute; slu\u017eby<\/span><\/p>\n<p> <span style=\"font-size: 11pt; color: #000000;\">e) jakoukoli &scaron;kodu vzniklou p\u016fsoben&iacute;m po\u010d&iacute;ta\u010dov&eacute;ho viru, trojsk&eacute;ho kon\u011b, malware a jin&eacute;ho obdobn&eacute;ho druhu softwaru<\/span><\/p>\n<p><span style=\"font-size: 11pt; color: #000000;\">3.2. Poskytovatel si vyhrazuje pr&aacute;vo p\u0159eru&scaron;it poskytov&aacute;n&iacute; Slu\u017eby po dobu nezbytn\u011b nutn&eacute; nebo p\u0159edem ohl&aacute;&scaron;en&eacute; &uacute;dr\u017eby hardware, software nebo jin&yacute;ch komponent\u016f pot\u0159ebn&yacute;ch pro poskytov&aacute;n&iacute; Slu\u017eby.<\/span><\/p>\n<p><span style=\"font-size: 11pt; color: #000000;\">3.3. Pokud bude v r&aacute;mci Slu\u017eby publikov&aacute;na informace obsahuj&iacute;c&iacute; n&aacute;zor, progn&oacute;zu nebo &uacute;vahu redakce, konkr&eacute;tn&iacute; fyzick&eacute; osoby (v\u010detn\u011b, nikoli v&scaron;ak v&yacute;lu\u010dn\u011b poradc\u016f zam\u011b\u0159en&yacute;ch na konkr&eacute;tn&iacute; obor), pr&aacute;vnick&eacute; osoby nebo jak&eacute;koli jin&eacute; osoby, nep\u0159edstavuje tato publikace pokyn, doporu\u010den&iacute; nebo radu U\u017eivateli a U\u017eivatel&eacute; nejsou \u017e&aacute;dn&yacute;m zp\u016fsobem vyz&yacute;v&aacute;ni k jejich respektov&aacute;n&iacute;, ani nep\u0159edstavuje nab&iacute;dku na poskytnut&iacute; jak&eacute;koli slu\u017eby nebo na realizaci jak&eacute;hokoli obchodu. Takto publikovan&eacute; informace jsou adresov&aacute;ny &scaron;irok&eacute; ve\u0159ejnosti a neberou v potaz osobn&iacute; ani ekonomickou situaci, z&aacute;m\u011bry a o\u010dek&aacute;v&aacute;n&iacute; konkr&eacute;tn&iacute;ch U\u017eivatel\u016f a nemohou samy o sob\u011b, ani ve spojen&iacute; s jin&yacute;mi informacemi publikovan&yacute;mi v r&aacute;mci Slu\u017eby b&yacute;t podkladem pro kvalifikovan&eacute; rozhodnut&iacute; U\u017eivatele nebo jak&eacute;koli jin&eacute; osoby a nemohou nahradit vlastn&iacute; &uacute;vahu nebo konzultaci s odborn&iacute;kem v dan&eacute; oblasti. Takto publikovan&eacute; informace se zpravidla vztahuj&iacute; k situaci v m&iacute;st\u011b a \u010dase, kdy byly publikov&aacute;ny a Poskytovatel nen&iacute; povinen je aktualizovat nebo m\u011bnit v souvislosti se zm\u011bnou okolnost&iacute; ani z jak&eacute;hokoli jin&eacute;ho d\u016fvodu. Poskytovatel neodpov&iacute;d&aacute; za &scaron;kodu ani za jakoukoli jinou ztr&aacute;tu zp\u016fsobenou jedn&aacute;n&iacute;m U\u017eivatele nebo jak&eacute;koli jin&eacute; osoby na z&aacute;klad\u011b publikovan&eacute; informace.<\/span><\/p>\n<p><strong><span style=\"font-size: 12pt; color: #000000;\">4. OSTATN&Iacute; USTANOVEN&Iacute;<\/span><\/strong><\/p>\n<p><span style=\"font-size: 11pt; color: #000000;\">4.1. Pr&aacute;vn&iacute; vztahy vznikl&eacute; p\u0159i poskytov&aacute;n&iacute; Slu\u017eby Poskytovatelem a u\u017e&iacute;v&aacute;n&iacute; Slu\u017eby U\u017eivatelem a v souvislosti s nimi se \u0159&iacute;d&iacute;:<\/span><\/p>\n<ul>\n<li><span style=\"font-size: 11pt; color: #000000;\">t\u011bmito podm&iacute;nkami<\/span><\/li>\n<li><span style=\"font-size: 11pt; color: #000000;\"><a href=\"https:\/\/demo.bmone.cz\/index.php\/placeny-obsah\/\">Obchodn&iacute;mi podm&iacute;nkami pro poskytov&aacute;n&iacute; placen&eacute;ho obsahu spole\u010dnosti Business Media One, s. r. o.<\/a><\/span><\/li>\n<li><span style=\"font-size: 11pt; color: #000000;\"><a href=\"https:\/\/demo.bmone.cz\/index.php\/sluzby-spolecnosti\/\">Podm&iacute;nkami pro u\u017e&iacute;v&aacute;n&iacute; slu\u017eby spole\u010dnosti Business Media One, s. r. o.<\/a><\/span><\/li>\n<li><span style=\"font-size: 11pt; color: #000000;\">pr&aacute;vn&iacute;mi p\u0159edpisy \u010cesk&eacute; republiky<\/span><\/li>\n<\/ul>\n<p><span style=\"font-size: 11pt; color: #000000;\">v p\u0159&iacute;pad\u011b jejich rozporu m&aacute; p\u0159ednost ten dokument, kter&yacute; je uveden jako d\u0159&iacute;v\u011bj&scaron;&iacute; v po\u0159ad&iacute;. K rozhodov&aacute;n&iacute; spor\u016f vznikl&yacute;ch v souvislosti s poskytov&aacute;n&iacute;m nebo u\u017e&iacute;v&aacute;n&iacute;m Slu\u017eby jsou p\u0159&iacute;slu&scaron;n&eacute; \u010desk&eacute; soudy. Pokud je U\u017eivatel spot\u0159ebitelem, m\u016f\u017ee se pro mimosoudn&iacute; \u0159e&scaron;en&iacute; p\u0159&iacute;padn&eacute;ho spot\u0159ebitelsk&eacute;ho sporu obr&aacute;tit na \u010ceskou obchodn&iacute; inspekci, internetov&aacute; adresa adr.coi.cz.<\/span><\/p>\n<p><span style=\"font-size: 11pt; color: #000000;\">4.2. Poskytovatel je opr&aacute;vn\u011bn m\u011bnit tyto Podm&iacute;nky slu\u017eby placen&eacute;ho obsahu mujdumkrokzakrokem.cz. Informaci o takov&eacute;to zm\u011bn\u011b bude publikovat na internetov&eacute; str&aacute;nce, na kter&eacute; je poskytov&aacute;na Slu\u017eba, nejpozd\u011bji 30 dn\u016f p\u0159ed nabyt&iacute;m &uacute;\u010dinnosti zm\u011bny.<\/span><\/p>\n<p><span style=\"font-size: 11pt; color: #000000;\">4.3. Poskytovatel je opr&aacute;vn\u011bn kdykoli p\u0159eru&scaron;it \u010di ukon\u010dit poskytov&aacute;n&iacute; Slu\u017eby. V p\u0159&iacute;pad\u011b ukon\u010den&iacute; poskytov&aacute;n&iacute; Slu\u017eby p\u0159ed uplynut&iacute;m obdob&iacute;, na kter&eacute; byla U\u017eivatelem uhrazena, bude p\u0159&iacute;slu&scaron;n&eacute;mu U\u017eivateli vr&aacute;cena pom\u011brn&aacute; \u010d&aacute;st ceny za Slu\u017ebu podle doby, po kterou byla Slu\u017eba v aktu&aacute;ln&iacute;m obdob&iacute; poskytov&aacute;na.<\/span><\/p>\n<p><span style=\"font-size: 11pt; color: #000000;\">4.4. Po skon\u010den&iacute; poskytov&aacute;n&iacute; Slu\u017eby ztr&aacute;c&iacute; U\u017eivatel p\u0159&iacute;stup k ve&scaron;ker&eacute;mu obsahu, kter&yacute; mu byl v r&aacute;mci Slu\u017eby zp\u0159&iacute;stupn\u011bn.<\/span><\/p>\n<p><span style=\"font-size: 11pt; color: #000000;\">Poskytovatelem Slu\u017eby je spole\u010dnost Business Media One, s.r.o.se s&iacute;dlem Klicperova 3208\/12, 15000 Praha 5, identifika\u010dn&iacute; \u010d&iacute;slo: 03589552, zapsan&eacute; v obchodn&iacute;m rejst\u0159&iacute;ku veden&eacute;m M\u011bstsk&yacute;m soudem v Praze, odd&iacute;l C, vlo\u017eka 234179<\/span><\/p>\n<p>[\/et_pb_text][\/et_pb_column][\/et_pb_row][\/et_pb_section][et_pb_section fb_built=&#8220;1&#8243; admin_label=&#8220;Sekce&#8220; module_id=&#8220;patickaVOPCont&#8220;][et_pb_row parallax_method_1=&#8220;off&#8220; admin_label=&#8220;\u0158\u00e1dek&#8220; module_id=&#8220;patickaVOPInner&#8220;][et_pb_column type=&#8220;4_4&#8243; parallax=&#8220;off&#8220; parallax_method=&#8220;off&#8220;][et_pb_text admin_label=&#8220;Pati\u010dka + GDPR&#8220; module_id=&#8220;patickaVOP&#8220;]<\/p>\n<p style=\"text-align: center;\"><span style=\"color: #f2f2f2; font-size: 8pt;\">&copy; 2021 www.bmone.cz | Internetov&aacute; str&aacute;nka www.bmone.cz je v&yacute;hradn&iacute;m projektem spole\u010dnosti Business Media One, s.r.o.,se s&iacute;dlem Klicperova 3208\/12, 15000 Praha 5, I\u010c 03589552.<\/span><\/p>\n<p> <span style=\"color: #ffffff; font-size: 8pt;\"><a style=\"color: #f2f2f2;\" href=\"https:\/\/demo.bmone.cz\/index.php\/osobni-udaje\/\">Ochrana soukrom&iacute;<\/a>&nbsp;|&nbsp;<a style=\"color: #ffffff;\" href=\"https:\/\/demo.bmone.cz\/index.php\/vop\/\">V&scaron;eobecn&eacute; obchodn&iacute; podm&iacute;nky<\/a>&nbsp;|&nbsp;<a style=\"color: #ffffff;\" href=\"https:\/\/demo.bmone.cz\/index.php\/placeny-obsah-mdkk\/\">Placen&yacute; obsah MDKK<\/a>&nbsp;|&nbsp;<a style=\"color: #ffffff;\" href=\"https:\/\/demo.bmone.cz\/index.php\/placeny-obsah\/\">Poskytov&aacute;n&iacute; placen&eacute;ho obsahu<\/a>&nbsp;|&nbsp;<a style=\"color: #ffffff;\" href=\"https:\/\/demo.bmone.cz\/index.php\/sluzby-spolecnosti\/\">Pou\u017e&iacute;v&aacute;n&iacute; slu\u017eeb spole\u010dnosti<\/a><\/span><\/p>\n<p>[\/et_pb_text][\/et_pb_column][\/et_pb_row][\/et_pb_section]<\/p>\n","protected":false},"excerpt":{"rendered":"<p>[et_pb_section fb_built=&#8220;1&#8243; fullwidth=&#8220;on&#8220; admin_label=&#8220;Sekce&#8220;][et_pb_fullwidth_menu menu_id=&#8220;2&#8243; background_layout=&#8220;dark&#8220; text_orientation=&#8220;right&#8220; submenu_direction=&#8220;downwards&#8220; fullwidth_menu=&#8220;off&#8220; dropdown_menu_bg_color=&#8220;rgba(86,86,86,0)&#8220; admin_label=&#8220;Tu\u010dn\u00e9 menu&#8220; module_id=&#8220;primaryMenu&#8220;][\/et_pb_fullwidth_menu][\/et_pb_section][et_pb_section fb_built=&#8220;1&#8243; admin_label=&#8220;section&#8220; module_id=&#8220;contMain&#8220;][et_pb_row admin_label=&#8220;\u0158\u00e1dek&#8220; module_id=&#8220;innerMain&#8220;][et_pb_column type=&#8220;1_2&#8243; parallax=&#8220;off&#8220; parallax_method=&#8220;on&#8220;][et_pb_text admin_label=&#8220;Text&#8220; module_id=&#8220;textMain&#8220;] Nechte se inspirovat Jsme volba \u010d. 1 pro lidi, kte\u0159\u00ed to se sv\u00fdm domem mysl\u00ed v\u00e1\u017en\u011b. [\/et_pb_text][et_pb_image src=&#8220;https:\/\/demo.bmone.cz\/wp-content\/uploads\/2018\/12\/logoBMO.png&#8220; url=&#8220;https:\/\/demo.bmone.cz&#8220; disabled_on=&#8220;off|off|on&#8220; admin_label=&#8220;Obr\u00e1zek&#8220; module_id=&#8220;logoMobil&#8220;][\/et_pb_image][et_pb_text admin_label=&#8220;Text&#8220;] O N\u00c1S [\/et_pb_text][\/et_pb_column][et_pb_column type=&#8220;1_2&#8243; parallax=&#8220;off&#8220; parallax_method=&#8220;on&#8220;][et_pb_text admin_label=&#8220;Text&#8220; module_id=&#8220;airplane&#8220;] [\/et_pb_text][\/et_pb_column][\/et_pb_row][et_pb_row [&hellip;]<\/p>\n","protected":false},"author":1,"featured_media":0,"parent":0,"menu_order":0,"comment_status":"closed","ping_status":"closed","template":"","meta":{"footnotes":""},"class_list":["post-2076","page","type-page","status-publish","hentry"],"_links":{"self":[{"href":"https:\/\/demo.bmone.cz\/index.php\/wp-json\/wp\/v2\/pages\/2076","targetHints":{"allow":["GET"]}}],"collection":[{"href":"https:\/\/demo.bmone.cz\/index.php\/wp-json\/wp\/v2\/pages"}],"about":[{"href":"https:\/\/demo.bmone.cz\/index.php\/wp-json\/wp\/v2\/types\/page"}],"author":[{"embeddable":true,"href":"https:\/\/demo.bmone.cz\/index.php\/wp-json\/wp\/v2\/users\/1"}],"replies":[{"embeddable":true,"href":"https:\/\/demo.bmone.cz\/index.php\/wp-json\/wp\/v2\/comments?post=2076"}],"version-history":[{"count":16,"href":"https:\/\/demo.bmone.cz\/index.php\/wp-json\/wp\/v2\/pages\/2076\/revisions"}],"predecessor-version":[{"id":2224,"href":"https:\/\/demo.bmone.cz\/index.php\/wp-json\/wp\/v2\/pages\/2076\/revisions\/2224"}],"wp:attachment":[{"href":"https:\/\/demo.bmone.cz\/index.php\/wp-json\/wp\/v2\/media?parent=2076"}],"curies":[{"name":"wp","href":"https:\/\/api.w.org\/{rel}","templated":true}]}}